{"id":14433,"date":"2023-11-21T10:07:51","date_gmt":"2023-11-21T10:07:51","guid":{"rendered":"https:\/\/desancho.com\/black-friday-desancho\/"},"modified":"2023-12-20T09:21:28","modified_gmt":"2023-12-20T09:21:28","slug":"black-friday-desancho","status":"publish","type":"page","link":"https:\/\/desancho.com\/en\/black-friday-desancho\/","title":{"rendered":"Black Friday Desancho"},"content":{"rendered":"\t\t<div data-elementor-type=\"wp-page\" data-elementor-id=\"14433\" class=\"elementor elementor-14433 elementor-14321\" data-elementor-post-type=\"page\">\n\t\t\t\t<div class=\"elementor-element elementor-element-9bf31c1 e-flex e-con-boxed e-con e-parent\" data-id=\"9bf31c1\" data-element_type=\"container\" data-e-type=\"container\" data-settings=\"{&quot;background_background&quot;:&quot;classic&quot;}\">\n\t\t\t\t\t<div class=\"e-con-inner\">\n\t\t\t\t<div class=\"elementor-element elementor-element-e0972e7 elementor-widget elementor-widget-spacer\" data-id=\"e0972e7\" data-element_type=\"widget\" data-e-type=\"widget\" data-widget_type=\"spacer.default\">\n\t\t\t\t<div class=\"elementor-widget-container\">\n\t\t\t\t\t\t\t<div class=\"elementor-spacer\">\n\t\t\t<div class=\"elementor-spacer-inner\"><\/div>\n\t\t<\/div>\n\t\t\t\t\t\t<\/div>\n\t\t\t\t<\/div>\n\t\t\t\t\t<\/div>\n\t\t\t\t<\/div>\n\t\t<div class=\"elementor-element elementor-element-d90e889 e-flex e-con-boxed e-con e-parent\" data-id=\"d90e889\" data-element_type=\"container\" data-e-type=\"container\">\n\t\t\t\t\t<div class=\"e-con-inner\">\n\t\t\t\t<div class=\"elementor-element elementor-element-2640769 uael-woo--align-center uael-sale-flash-square uael-featured-flash-circle elementor-widget elementor-widget-uael-woo-products\" data-id=\"2640769\" data-element_type=\"widget\" data-e-type=\"widget\" data-settings=\"{&quot;products_columns&quot;:&quot;4&quot;,&quot;products_columns_tablet&quot;:&quot;3&quot;,&quot;products_columns_mobile&quot;:&quot;1&quot;}\" data-widget_type=\"uael-woo-products.grid-default\">\n\t\t\t\t<div class=\"elementor-widget-container\">\n\t\t\t\t\t<div class=\"uael-woocommerce uael-woo-products-grid uael-woo-skin-grid-default uael-woo-query-custom\" data-page=\"14433\" data-skin=\"grid_default\"><div class=\" columns-4 uael-woo-products-inner uael-woo-product__column-4 uael-woo-product__column-tablet-3 uael-woo-product__column-mobile-1\"><ul class=\"products columns-4\">\n\n\n<li class=\" black friday post-14558 product first instock shipping-taxable purchasable product-type-simple\">\n\t<div class=\"uael-woo-product-wrapper uael-prod-auto-align-disabled\">\n\t\t<div class=\"uael-woo-products-thumbnail-wrap\"><div class=\"uael-flash-container \"><\/div><a href=\"https:\/\/desancho.com\/en\/producto\/gift-cards-with-additional-5\/\" class=\"woocommerce-LoopProduct-link woocommerce-loop-product__link\"><img fetchpriority=\"high\" decoding=\"async\" width=\"300\" height=\"300\" src=\"https:\/\/desancho.com\/wp-content\/uploads\/2023\/06\/C0789576-E47A-411E-B69C-63611D0B4CDD-300x300.png\" class=\"attachment-woocommerce_thumbnail size-woocommerce_thumbnail\" alt=\"Gift Cards with Additional 5%!\" srcset=\"https:\/\/desancho.com\/wp-content\/uploads\/2023\/06\/C0789576-E47A-411E-B69C-63611D0B4CDD-300x300.png 300w, https:\/\/desancho.com\/wp-content\/uploads\/2023\/06\/C0789576-E47A-411E-B69C-63611D0B4CDD-150x150.png 150w, https:\/\/desancho.com\/wp-content\/uploads\/2023\/06\/C0789576-E47A-411E-B69C-63611D0B4CDD-100x100.png 100w, https:\/\/desancho.com\/wp-content\/uploads\/2023\/06\/C0789576-E47A-411E-B69C-63611D0B4CDD.png 600w\" sizes=\"(max-width: 300px) 100vw, 300px\" \/><\/a><\/div><div class=\"uael-woo-products-summary-wrap uael-auto-align-disabled\"><a href=\"https:\/\/desancho.com\/en\/producto\/gift-cards-with-additional-5\/\" class=\"uael-loop-product__link\"><h2 class=\"woocommerce-loop-product__title\">Gift Cards with Additional 5%!<\/h2><\/a>\n\t<span class=\"price\"><span class=\"woocommerce-Price-amount amount\"><bdi><span class=\"woocommerce-Price-currencySymbol\">&euro;<\/span>50.00<\/bdi><\/span><\/span>\n<a href=\"\/en\/wp-json\/wp\/v2\/pages\/14433?add-to-cart=14558\" aria-describedby=\"woocommerce_loop_add_to_cart_link_describedby_14558\" data-quantity=\"1\" class=\"button product_type_simple add_to_cart_button ajax_add_to_cart \" data-product_id=\"14558\" data-product_sku=\"\" aria-label=\"Add to cart: &ldquo;Gift Cards with Additional 5%!&rdquo;\" rel=\"nofollow\" data-success_message=\"&ldquo;Gift Cards with Additional 5%!&rdquo; has been added to your cart\" role=\"button\">Add to cart<\/a>\t<span id=\"woocommerce_loop_add_to_cart_link_describedby_14558\" class=\"screen-reader-text\">\n\t\t\t<\/span>\n<\/div>\t<\/div>\n<\/li>\n\n\n<li class=\" black friday post-14559 product  instock sale shipping-taxable purchasable product-type-simple\">\n\t<div class=\"uael-woo-product-wrapper uael-prod-auto-align-disabled\">\n\t\t<div class=\"uael-woo-products-thumbnail-wrap\"><div class=\"uael-flash-container double-flash\">\n\t<div class=\"uael-sale-flash-wrap\"><span class=\"uael-onsale\">Black Friday<\/span><\/div>\n\t<\/div><a href=\"https:\/\/desancho.com\/en\/producto\/pack-redken-extreme\/\" class=\"woocommerce-LoopProduct-link woocommerce-loop-product__link\"><img decoding=\"async\" width=\"300\" height=\"300\" src=\"https:\/\/desancho.com\/wp-content\/uploads\/2023\/11\/WhatsApp-Image-2023-11-13-at-14.01.25-2-300x300.jpeg\" class=\"attachment-woocommerce_thumbnail size-woocommerce_thumbnail\" alt=\"Pack Redken Extreme\" srcset=\"https:\/\/desancho.com\/wp-content\/uploads\/2023\/11\/WhatsApp-Image-2023-11-13-at-14.01.25-2-300x300.jpeg 300w, https:\/\/desancho.com\/wp-content\/uploads\/2023\/11\/WhatsApp-Image-2023-11-13-at-14.01.25-2-150x150.jpeg 150w, https:\/\/desancho.com\/wp-content\/uploads\/2023\/11\/WhatsApp-Image-2023-11-13-at-14.01.25-2-100x100.jpeg 100w\" sizes=\"(max-width: 300px) 100vw, 300px\" \/><\/a><\/div><div class=\"uael-woo-products-summary-wrap uael-auto-align-disabled\"><a href=\"https:\/\/desancho.com\/en\/producto\/pack-redken-extreme\/\" class=\"uael-loop-product__link\"><h2 class=\"woocommerce-loop-product__title\">Pack Redken Extreme<\/h2><\/a>\n\t<span class=\"price\"><del aria-hidden=\"true\"><span class=\"woocommerce-Price-amount amount\"><bdi><span class=\"woocommerce-Price-currencySymbol\">&euro;<\/span>44.00<\/bdi><\/span><\/del> <span class=\"screen-reader-text\">Original price was: &euro;44.00.<\/span><ins aria-hidden=\"true\"><span class=\"woocommerce-Price-amount amount\"><bdi><span class=\"woocommerce-Price-currencySymbol\">&euro;<\/span>39.60<\/bdi><\/span><\/ins><span class=\"screen-reader-text\">Current price is: &euro;39.60.<\/span><\/span>\n<a href=\"\/en\/wp-json\/wp\/v2\/pages\/14433?add-to-cart=14559\" aria-describedby=\"woocommerce_loop_add_to_cart_link_describedby_14559\" data-quantity=\"1\" class=\"button product_type_simple add_to_cart_button ajax_add_to_cart \" data-product_id=\"14559\" data-product_sku=\"\" aria-label=\"Add to cart: &ldquo;Pack Redken Extreme&rdquo;\" rel=\"nofollow\" data-success_message=\"&ldquo;Pack Redken Extreme&rdquo; has been added to your cart\" role=\"button\">Add to cart<\/a>\t<span id=\"woocommerce_loop_add_to_cart_link_describedby_14559\" class=\"screen-reader-text\">\n\t\t\t<\/span>\n<\/div>\t<\/div>\n<\/li>\n\n\n<li class=\" black friday post-14562 product  instock sale shipping-taxable purchasable product-type-simple\">\n\t<div class=\"uael-woo-product-wrapper uael-prod-auto-align-disabled\">\n\t\t<div class=\"uael-woo-products-thumbnail-wrap\"><div class=\"uael-flash-container double-flash\">\n\t<div class=\"uael-sale-flash-wrap\"><span class=\"uael-onsale\">Black Friday<\/span><\/div>\n\t<\/div><a href=\"https:\/\/desancho.com\/en\/producto\/pack-redken-all-soft\/\" class=\"woocommerce-LoopProduct-link woocommerce-loop-product__link\"><img decoding=\"async\" width=\"300\" height=\"300\" src=\"https:\/\/desancho.com\/wp-content\/uploads\/2023\/11\/WhatsApp-Image-2023-11-13-at-14.01.25-1-300x300.jpeg\" class=\"attachment-woocommerce_thumbnail size-woocommerce_thumbnail\" alt=\"Pack Redken All Soft\" srcset=\"https:\/\/desancho.com\/wp-content\/uploads\/2023\/11\/WhatsApp-Image-2023-11-13-at-14.01.25-1-300x300.jpeg 300w, https:\/\/desancho.com\/wp-content\/uploads\/2023\/11\/WhatsApp-Image-2023-11-13-at-14.01.25-1-150x150.jpeg 150w, https:\/\/desancho.com\/wp-content\/uploads\/2023\/11\/WhatsApp-Image-2023-11-13-at-14.01.25-1-100x100.jpeg 100w\" sizes=\"(max-width: 300px) 100vw, 300px\" \/><\/a><\/div><div class=\"uael-woo-products-summary-wrap uael-auto-align-disabled\"><a href=\"https:\/\/desancho.com\/en\/producto\/pack-redken-all-soft\/\" class=\"uael-loop-product__link\"><h2 class=\"woocommerce-loop-product__title\">Pack Redken All Soft<\/h2><\/a>\n\t<span class=\"price\"><del aria-hidden=\"true\"><span class=\"woocommerce-Price-amount amount\"><bdi><span class=\"woocommerce-Price-currencySymbol\">&euro;<\/span>44.00<\/bdi><\/span><\/del> <span class=\"screen-reader-text\">Original price was: &euro;44.00.<\/span><ins aria-hidden=\"true\"><span class=\"woocommerce-Price-amount amount\"><bdi><span class=\"woocommerce-Price-currencySymbol\">&euro;<\/span>39.60<\/bdi><\/span><\/ins><span class=\"screen-reader-text\">Current price is: &euro;39.60.<\/span><\/span>\n<a href=\"\/en\/wp-json\/wp\/v2\/pages\/14433?add-to-cart=14562\" aria-describedby=\"woocommerce_loop_add_to_cart_link_describedby_14562\" data-quantity=\"1\" class=\"button product_type_simple add_to_cart_button ajax_add_to_cart \" data-product_id=\"14562\" data-product_sku=\"\" aria-label=\"Add to cart: &ldquo;Pack Redken All Soft&rdquo;\" rel=\"nofollow\" data-success_message=\"&ldquo;Pack Redken All Soft&rdquo; has been added to your cart\" role=\"button\">Add to cart<\/a>\t<span id=\"woocommerce_loop_add_to_cart_link_describedby_14562\" class=\"screen-reader-text\">\n\t\t\t<\/span>\n<\/div>\t<\/div>\n<\/li>\n\n\n<li class=\" black friday post-14560 product last instock sale shipping-taxable purchasable product-type-simple\">\n\t<div class=\"uael-woo-product-wrapper uael-prod-auto-align-disabled\">\n\t\t<div class=\"uael-woo-products-thumbnail-wrap\"><div class=\"uael-flash-container double-flash\">\n\t<div class=\"uael-sale-flash-wrap\"><span class=\"uael-onsale\">Black Friday<\/span><\/div>\n\t<\/div><a href=\"https:\/\/desancho.com\/en\/producto\/redken-acidic-bonding-concentrate\/\" class=\"woocommerce-LoopProduct-link woocommerce-loop-product__link\"><img loading=\"lazy\" decoding=\"async\" width=\"300\" height=\"300\" src=\"https:\/\/desancho.com\/wp-content\/uploads\/2023\/11\/WhatsApp-Image-2023-11-13-at-14.01.25-300x300.jpeg\" class=\"attachment-woocommerce_thumbnail size-woocommerce_thumbnail\" alt=\"Redken Acidic Bonding Concentrate\" srcset=\"https:\/\/desancho.com\/wp-content\/uploads\/2023\/11\/WhatsApp-Image-2023-11-13-at-14.01.25-300x300.jpeg 300w, https:\/\/desancho.com\/wp-content\/uploads\/2023\/11\/WhatsApp-Image-2023-11-13-at-14.01.25-150x150.jpeg 150w, https:\/\/desancho.com\/wp-content\/uploads\/2023\/11\/WhatsApp-Image-2023-11-13-at-14.01.25-100x100.jpeg 100w\" sizes=\"(max-width: 300px) 100vw, 300px\" \/><\/a><\/div><div class=\"uael-woo-products-summary-wrap uael-auto-align-disabled\"><a href=\"https:\/\/desancho.com\/en\/producto\/redken-acidic-bonding-concentrate\/\" class=\"uael-loop-product__link\"><h2 class=\"woocommerce-loop-product__title\">Redken Acidic Bonding Concentrate<\/h2><\/a>\n\t<span class=\"price\"><del aria-hidden=\"true\"><span class=\"woocommerce-Price-amount amount\"><bdi><span class=\"woocommerce-Price-currencySymbol\">&euro;<\/span>52.00<\/bdi><\/span><\/del> <span class=\"screen-reader-text\">Original price was: &euro;52.00.<\/span><ins aria-hidden=\"true\"><span class=\"woocommerce-Price-amount amount\"><bdi><span class=\"woocommerce-Price-currencySymbol\">&euro;<\/span>46.80<\/bdi><\/span><\/ins><span class=\"screen-reader-text\">Current price is: &euro;46.80.<\/span><\/span>\n<a href=\"\/en\/wp-json\/wp\/v2\/pages\/14433?add-to-cart=14560\" aria-describedby=\"woocommerce_loop_add_to_cart_link_describedby_14560\" data-quantity=\"1\" class=\"button product_type_simple add_to_cart_button ajax_add_to_cart \" data-product_id=\"14560\" data-product_sku=\"\" aria-label=\"Add to cart: &ldquo;Redken Acidic Bonding Concentrate&rdquo;\" rel=\"nofollow\" data-success_message=\"&ldquo;Redken Acidic Bonding Concentrate&rdquo; has been added to your cart\" role=\"button\">Add to cart<\/a>\t<span id=\"woocommerce_loop_add_to_cart_link_describedby_14560\" class=\"screen-reader-text\">\n\t\t\t<\/span>\n<\/div>\t<\/div>\n<\/li>\n<\/ul>\n<\/div><\/div>\t\t\t\t<\/div>\n\t\t\t\t<\/div>\n\t\t\t\t\t<\/div>\n\t\t\t\t<\/div>\n\t\t\t\t<\/div>\n\t\t","protected":false},"excerpt":{"rendered":"<p>Tarjetas Regalo con 5% Adicional! &euro;50.00 Comprar tarjeta regalo Black Friday Pack Redken Extreme &euro;44.00 &euro;39.60 A\u00f1adir al carrito Black Friday Pack Redken All Soft &euro;44.00 &euro;39.60 A\u00f1adir al carrito Black Friday Redken Acidic Bonding Concentrate &euro;52.00 &euro;46.80 A\u00f1adir al carrito<\/p>\n","protected":false},"author":1,"featured_media":0,"parent":0,"menu_order":0,"comment_status":"closed","ping_status":"closed","template":"","meta":{"site-sidebar-layout":"no-sidebar","site-content-layout":"page-builder","ast-site-content-layout":"default","site-content-style":"default","site-sidebar-style":"default","ast-global-header-display":"","ast-banner-title-visibility":"","ast-main-header-display":"","ast-hfb-above-header-display":"","ast-hfb-below-header-display":"","ast-hfb-mobile-header-display":"","site-post-title":"disabled","ast-breadcrumbs-content":"","ast-featured-img":"disabled","footer-sml-layout":"","ast-disable-related-posts":"","theme-transparent-header-meta":"default","adv-header-id-meta":"","stick-header-meta":"default","header-above-stick-meta":"","header-main-stick-meta":"","header-below-stick-meta":"","astra-migrate-meta-layouts":"default","ast-page-background-enabled":"default","ast-page-background-meta":{"desktop":{"background-color":"","background-image":"","background-repeat":"repeat","background-position":"center center","background-size":"auto","background-attachment":"scroll","background-type":"","background-media":"","overlay-type":"","overlay-color":"","overlay-opacity":"","overlay-gradient":""},"tablet":{"background-color":"","background-image":"","background-repeat":"repeat","background-position":"center center","background-size":"auto","background-attachment":"scroll","background-type":"","background-media":"","overlay-type":"","overlay-color":"","overlay-opacity":"","overlay-gradient":""},"mobile":{"background-color":"","background-image":"","background-repeat":"repeat","background-position":"center center","background-size":"auto","background-attachment":"scroll","background-type":"","background-media":"","overlay-type":"","overlay-color":"","overlay-opacity":"","overlay-gradient":""}},"ast-content-background-meta":{"desktop":{"background-color":"var(--ast-global-color-5)","background-image":"","background-repeat":"repeat","background-position":"center center","background-size":"auto","background-attachment":"scroll","background-type":"","background-media":"","overlay-type":"","overlay-color":"","overlay-opacity":"","overlay-gradient":""},"tablet":{"background-color":"var(--ast-global-color-5)","background-image":"","background-repeat":"repeat","background-position":"center center","background-size":"auto","background-attachment":"scroll","background-type":"","background-media":"","overlay-type":"","overlay-color":"","overlay-opacity":"","overlay-gradient":""},"mobile":{"background-color":"var(--ast-global-color-5)","background-image":"","background-repeat":"repeat","background-position":"center center","background-size":"auto","background-attachment":"scroll","background-type":"","background-media":"","overlay-type":"","overlay-color":"","overlay-opacity":"","overlay-gradient":""}},"footnotes":""},"class_list":["post-14433","page","type-page","status-publish","hentry","desktop-align-left","tablet-align-left","mobile-align-left","ast-product-gallery-layout-horizontal-slider","ast-product-gallery-with-no-image","ast-product-tabs-layout-horizontal"],"_links":{"self":[{"href":"https:\/\/desancho.com\/en\/wp-json\/wp\/v2\/pages\/14433","targetHints":{"allow":["GET"]}}],"collection":[{"href":"https:\/\/desancho.com\/en\/wp-json\/wp\/v2\/pages"}],"about":[{"href":"https:\/\/desancho.com\/en\/wp-json\/wp\/v2\/types\/page"}],"author":[{"embeddable":true,"href":"https:\/\/desancho.com\/en\/wp-json\/wp\/v2\/users\/1"}],"replies":[{"embeddable":true,"href":"https:\/\/desancho.com\/en\/wp-json\/wp\/v2\/comments?post=14433"}],"version-history":[{"count":2,"href":"https:\/\/desancho.com\/en\/wp-json\/wp\/v2\/pages\/14433\/revisions"}],"predecessor-version":[{"id":14671,"href":"https:\/\/desancho.com\/en\/wp-json\/wp\/v2\/pages\/14433\/revisions\/14671"}],"wp:attachment":[{"href":"https:\/\/desancho.com\/en\/wp-json\/wp\/v2\/media?parent=14433"}],"curies":[{"name":"wp","href":"https:\/\/api.w.org\/{rel}","templated":true}]}}